{"id":170,"date":"2019-11-15T16:18:11","date_gmt":"2019-11-15T16:18:11","guid":{"rendered":"http:\/\/mttr.berlin\/?page_id=170"},"modified":"2021-05-05T13:10:25","modified_gmt":"2021-05-05T11:10:25","slug":"impressum","status":"publish","type":"page","link":"https:\/\/mttr.berlin\/en\/impressum\/","title":{"rendered":"Impressum"},"content":{"rendered":"","protected":false},"excerpt":{"rendered":"","protected":false},"author":1,"featured_media":0,"parent":0,"menu_order":5,"comment_status":"closed","ping_status":"closed","template":"","meta":[],"class_list":["post-170","page","type-page","status-publish","hentry"],"grid":"{\r\n  \"colCount\": 12,\r\n  \"colGutter\": 5,\r\n  \"rowGutters\": [],\r\n  \"frameMargin\": 5,\r\n  \"topFrameMargin\": 7,\r\n  \"bottomFrameMargin\": 5,\r\n  \"rowAttrs\": [\r\n    {}\r\n  ],\r\n  \"bgColor\": null,\r\n  \"cont\": [\r\n    {\r\n      \"type\": \"text\",\r\n      \"cont\": \"<p><strong>Impressum<\/strong><\/p><p><strong>Angaben gem\u00e4\u00df \u00a7 5 TMG:<\/strong><\/p><p>MATTER - Schmidt Fach Architekten &amp; Stadtplaner PartGmbB<br \/>Architekten &amp; Stadtplaner<br \/>Joris Fach, Andr\u00e9 Schmidt<\/p><p><strong>Postanschrift:<\/strong><\/p><p>Am Lokdepot 13<br \/>10965 Berlin<\/p><p><strong>Kontakt:<\/strong><\/p><p class=\\\"_Default\\\">Telefon: <span class=\\\"_Default_small\\\"><a href=\\\"tel:+4930600319341\\\">+49 (0)30 629 715 51<\/a><\/span><br \/>E-Mail: info@mttr.berlin<\/p><p><strong>Vertreten durch:<\/strong><\/p><p>Joris Fach - Gr\u00fcndungspartner, Andr\u00e9 Schmidt - Gr\u00fcndungspartner<\/p><p><strong>Eingetragen am 04.06.2019<\/strong><\/p><p>Amtsgericht Charlottenburg<br \/>Registernummer PR 1391 B laufende Nr.1<\/p><p><strong>Umsatzsteuer-Identifikationsnummer<\/strong><\/p><p>DE324998034<\/p><p>\u00a0<\/p><p><strong>Zust\u00e4ndige Kammer:<\/strong><\/p><p>Architektenkammer Berlin<\/p><p><strong>Zugelassen f\u00fcr:<\/strong><\/p><p>Deutschland<\/p><p><strong>Berufsrechtlichen Regelungen:<\/strong><\/p><p>Berufsordnung der Berliner Architektenkammer, alle Texte sind \u00fcber die Webseite der Architektenkammern abrufbar: www.ak-berlin.de<\/p><p><strong>Die Berufshaftpflichtversicherung wurde abgeschlossen bei:<\/strong><\/p><p>HDI Versicherungs AG, Neumarkt 15, 66117 Saarbr\u00fccken<\/p><p><strong>Geltungsbereich des Versicherungsschutzes:<\/strong><\/p><p>Europa &amp; Welt (ohne USA)<\/p><p><strong>Hinweise zur Website<\/strong><\/p><p><strong>Urheberrechtliche Hinweise<\/strong><\/p><p>Bildrechte Urhebernennung<\/p><p><strong>Verantwortlich f\u00fcr journalistisch-redaktionelle Inhalte ist:<\/strong><\/p><p>Verantwortlicher f\u00fcr journalistische Inhalte<\/p><p><strong>Information gem\u00e4\u00df \u00a7 36 VSBG<\/strong><\/p><p>Gem\u00e4\u00df \u00a7 36 VSBG (Verbraucherstreitbeilegungsgesetz \u2013 Gesetz \u00fcber die alternative Streitbeilegung in Verbrauchersachen) erkl\u00e4rt der Betreiber dieser Website:<\/p><p>Wir sind weder bereit noch verpflichtet, an Streitbeilegungsverfahren vor einer Verbraucherschlichtungsstelle teilzunehmen.<\/p>\",\r\n      \"align\": \"top\",\r\n      \"row\": 0,\r\n      \"col\": 0,\r\n      \"colspan\": 12,\r\n      \"offsetx\": 0,\r\n      \"offsety\": 0,\r\n      \"spaceabove\": 0,\r\n      \"spacebelow\": 0,\r\n      \"yvel\": 1,\r\n      \"push\": 0,\r\n      \"relid\": 4\r\n    }\r\n  ]\r\n}","phonegrid":"","_links":{"self":[{"href":"https:\/\/mttr.berlin\/en\/wp-json\/wp\/v2\/pages\/170","targetHints":{"allow":["GET"]}}],"collection":[{"href":"https:\/\/mttr.berlin\/en\/wp-json\/wp\/v2\/pages"}],"about":[{"href":"https:\/\/mttr.berlin\/en\/wp-json\/wp\/v2\/types\/page"}],"author":[{"embeddable":true,"href":"https:\/\/mttr.berlin\/en\/wp-json\/wp\/v2\/users\/1"}],"replies":[{"embeddable":true,"href":"https:\/\/mttr.berlin\/en\/wp-json\/wp\/v2\/comments?post=170"}],"version-history":[{"count":0,"href":"https:\/\/mttr.berlin\/en\/wp-json\/wp\/v2\/pages\/170\/revisions"}],"wp:attachment":[{"href":"https:\/\/mttr.berlin\/en\/wp-json\/wp\/v2\/media?parent=170"}],"curies":[{"name":"wp","href":"https:\/\/api.w.org\/{rel}","templated":true}]}}